{"id":281,"date":"2025-06-03T19:14:28","date_gmt":"2025-06-03T19:14:28","guid":{"rendered":"https:\/\/www.lab.datacookers.com\/?page_id=281"},"modified":"2025-07-02T14:29:45","modified_gmt":"2025-07-02T14:29:45","slug":"anasayfa","status":"publish","type":"page","link":"https:\/\/www.lab.datacookers.com\/en\/","title":{"rendered":"Home Page"},"content":{"rendered":"<div class=\"wp-block-uagb-container uagb-block-94148ffa alignfull uagb-is-root-container\"><div class=\"uagb-container-inner-blocks-wrap\">\n<div class=\"wp-block-uagb-info-box uagb-block-1d4e8a21 uagb-infobox__content-wrap  uagb-infobox-icon-above-title uagb-infobox-image-valign-top wp-block-uagb-info-box--has-margin\"><div class=\"uagb-infobox-margin-wrapper\"><div class=\"uagb-ifb-content\"><div class=\"uagb-ifb-title-wrap\"><h1 class=\"uagb-ifb-title\"><strong>Data Meets Creativity<\/strong><\/h1><\/div><p class=\"uagb-ifb-desc\">DataCookers LAB,<br>To enhance your digital experiences <br><strong>discovery <\/strong>And <strong>information <\/strong>the platform where it is shared.<br><\/p><div class=\"uagb-ifb-button-wrapper wp-block-button\"><a href=\"https:\/\/www.lab.datacookers.com\/en\/iletisim\/\" class=\"uagb-infobox-cta-link wp-block-button__link\" target=\"_self\" rel=\"noopener noreferrer\" onclick=\"return true;\"><span class=\"uagb-inline-editing\">Get started<\/span><\/a><\/div><\/div><\/div><\/div>\n<\/div><\/div>\n\n\n\n<div class=\"wp-block-uagb-container uagb-layout-grid uagb-block-35e778c0 alignfull uagb-is-root-container\"><div class=\"uagb-container-inner-blocks-wrap\">\n<div class=\"wp-block-uagb-advanced-heading uagb-block-7a29683e\"><h2 class=\"uagb-heading-text\">Who Are We?<\/h2><div class=\"uagb-separator\"><\/div><\/div>\n\n\n\n<div class=\"wp-block-uagb-advanced-heading uagb-block-e1089765\"><h3 class=\"uagb-heading-text\">DataCookers LAB is a <strong>digital laboratory<\/strong> is the sharing community space of our Digital Marketing Agency DataCookers. It is a community project that produces innovative solutions regarding digital experiences.<\/h3><div class=\"uagb-separator\"><\/div><p class=\"uagb-desc-text\">DataCookers Lab is a meeting point for digital discoveries and experiences. Our team of enthusiastic individuals who are curious about development is aware of the importance of coming together with people who have services and interests in this field where information flow and dynamic experience help to progress more healthily. Here, we offer in-depth content on a range of topics such as Digital Marketing, SEO and data analysis with developments and productivity on the AI side, while encouraging all participants to contribute to the sharing of information. <\/p><\/div>\n\n\n\n<p><\/p>\n<\/div><\/div>\n\n\n\n<div class=\"wp-block-uagb-container uagb-layout-grid uagb-block-1151ddc8 alignfull uagb-is-root-container\"><div class=\"uagb-container-inner-blocks-wrap\">\n<div class=\"wp-block-uagb-container uagb-block-eb7d2125\">\n<div class=\"wp-block-uagb-advanced-heading uagb-block-22d345f6\"><h2 class=\"uagb-heading-text\">LAB Cloud<\/h2><div class=\"uagb-separator\"><\/div><\/div>\n<\/div>\n\n\n\n<div class=\"wp-block-uagb-container uagb-layout-flex uagb-block-6f41cda9\">\n<div class=\"wp-block-uagb-container uagb-block-5e58a2d7\">\n<div class=\"wp-block-group is-layout-constrained wp-block-group-is-layout-constrained\">\n<div class=\"wp-block-uagb-info-box uagb-block-e5497020 uagb-infobox__content-wrap  uagb-infobox-icon-above-title uagb-infobox-image-valign-top\"><div class=\"uagb-ifb-content\"><div class=\"uagb-ifb-title-wrap\"><h3 class=\"uagb-ifb-title\"><a href=\"https:\/\/www.lab.datacookers.com\/en\/projeler\/\">Projects<\/a><\/h3><\/div><div class=\"uagb-ifb-button-wrapper wp-block-button\"><a href=\"https:\/\/www.lab.datacookers.com\/en\/projeler\/\" target=\"_self\" onclick=\"return true;\" class=\"uagb-infobox-cta-link\" rel=\"noopener noreferrer\"><span class=\"uagb-inline-editing\">Browse<\/span><svg xmlns=\"https:\/\/www.w3.org\/2000\/svg\" viewbox=\"0 0 512 512\"><path d=\"M504.3 273.6l-112.1 104c-6.992 6.484-17.18 8.218-25.94 4.406c-8.758-3.812-14.42-12.45-14.42-21.1L351.9 288H32C14.33 288 .0002 273.7 .0002 255.1S14.33 224 32 224h319.9l0-72c0-9.547 5.66-18.19 14.42-22c8.754-3.809 18.95-2.075 25.94 4.41l112.1 104C514.6 247.9 514.6 264.1 504.3 273.6z\"><\/path><\/svg><\/a><\/div><\/div><\/div>\n<\/div>\n<\/div>\n\n\n\n<div class=\"wp-block-uagb-container uagb-block-a1005ec7\">\n<div class=\"wp-block-uagb-info-box uagb-block-56f66768 uagb-infobox__content-wrap  uagb-infobox-icon-above-title uagb-infobox-image-valign-top\"><div class=\"uagb-ifb-content\"><div class=\"uagb-ifb-title-wrap\"><h3 class=\"uagb-ifb-title\"><a href=\"https:\/\/www.lab.datacookers.com\/en\/e-kitaplar\/\" data-type=\"link\" data-id=\"https:\/\/www.lab.datacookers.com\/e-kitaplar\">E-Books<br><\/a><\/h3><\/div><div class=\"uagb-ifb-desc\">\n<p><\/p>\n<\/div><div class=\"uagb-ifb-button-wrapper wp-block-button\"><a href=\"https:\/\/www.lab.datacookers.com\/en\/e-kitaplar\/\" class=\"uagb-infobox-cta-link wp-block-button__link\" target=\"_self\" rel=\"noopener noreferrer\" onclick=\"return true;\"><span class=\"uagb-inline-editing\">Take a look<\/span><svg xmlns=\"https:\/\/www.w3.org\/2000\/svg\" viewbox=\"0 0 512 512\"><path d=\"M504.3 273.6l-112.1 104c-6.992 6.484-17.18 8.218-25.94 4.406c-8.758-3.812-14.42-12.45-14.42-21.1L351.9 288H32C14.33 288 .0002 273.7 .0002 255.1S14.33 224 32 224h319.9l0-72c0-9.547 5.66-18.19 14.42-22c8.754-3.809 18.95-2.075 25.94 4.41l112.1 104C514.6 247.9 514.6 264.1 504.3 273.6z\"><\/path><\/svg><\/a><\/div><\/div><\/div>\n<\/div>\n\n\n\n<div class=\"wp-block-uagb-container uagb-block-08fe09aa\">\n<div class=\"wp-block-uagb-info-box uagb-block-1723635f uagb-infobox__content-wrap  uagb-infobox-icon-above-title uagb-infobox-image-valign-top\"><div class=\"uagb-ifb-content\"><div class=\"uagb-ifb-title-wrap\"><h3 class=\"uagb-ifb-title\"><a href=\"https:\/\/www.lab.datacookers.com\/en\/blog-kosemiz\/\">Our Blog Corner<\/a><\/h3><\/div><div class=\"uagb-ifb-button-wrapper wp-block-button\"><a href=\"https:\/\/www.lab.datacookers.com\/en\/blog-kosemiz\/\" class=\"uagb-infobox-cta-link wp-block-button__link\" target=\"_self\" rel=\"noopener noreferrer\" onclick=\"return true;\"><span class=\"uagb-inline-editing\">Browse<\/span><svg xmlns=\"https:\/\/www.w3.org\/2000\/svg\" viewbox=\"0 0 512 512\"><path d=\"M504.3 273.6l-112.1 104c-6.992 6.484-17.18 8.218-25.94 4.406c-8.758-3.812-14.42-12.45-14.42-21.1L351.9 288H32C14.33 288 .0002 273.7 .0002 255.1S14.33 224 32 224h319.9l0-72c0-9.547 5.66-18.19 14.42-22c8.754-3.809 18.95-2.075 25.94 4.41l112.1 104C514.6 247.9 514.6 264.1 504.3 273.6z\"><\/path><\/svg><\/a><\/div><\/div><\/div>\n<\/div>\n<\/div>\n<\/div><\/div>\n\n\n\n<div class=\"wp-block-uagb-container uagb-block-b0341cf1 alignfull uagb-is-root-container\"><div class=\"uagb-container-inner-blocks-wrap\">\n<div class=\"wp-block-uagb-info-box uagb-block-8d4a9a6b uagb-infobox__content-wrap  uagb-infobox-icon-above-title uagb-infobox-image-valign-top\"><div class=\"uagb-ifb-content\"><div class=\"uagb-ifb-title-wrap\"><div class=\"uagb-ifb-separator\"><\/div><h2 class=\"uagb-ifb-title\">Explore the Digital World, Catch the Opportunities!<\/h2><\/div><p class=\"uagb-ifb-desc\">Join the DataCookers LAB community to learn the latest digital strategies and develop your projects.<\/p><div class=\"uagb-ifb-button-wrapper wp-block-button\"><a href=\"https:\/\/www.lab.datacookers.com\/en\/iletisim\/\" class=\"uagb-infobox-cta-link wp-block-button__link\" target=\"_self\" rel=\"noopener noreferrer\" onclick=\"return true;\"><span class=\"uagb-inline-editing\">Get started<\/span><\/a><\/div><\/div><\/div>\n<\/div><\/div>\n\n\n\n<div class=\"wp-block-uagb-container uagb-layout-grid uagb-block-e304ebd0 alignfull uagb-is-root-container\"><div class=\"uagb-container-inner-blocks-wrap\">\n<div class=\"wp-block-uagb-advanced-heading uagb-block-690d9eeb\"><h2 class=\"uagb-heading-text\">Project Portfolio<\/h2><div class=\"uagb-separator\"><\/div><p class=\"uagb-desc-text\">Discover our completed and ongoing projects and get inspired.<\/p><\/div>\n\n\n\n<div class=\"wp-block-uagb-container uagb-layout-grid uagb-block-0925f4f3\">\n<div class=\"wp-block-uagb-container uagb-block-49cc5639\">\n<div class=\"wp-block-uagb-counter uagb-block-b84af7dc wp-block-uagb-counter--number\"><div class=\"wp-block-uagb-counter__number\"><span class=\"uagb-counter-block-number\" data-duration=\"1.5\" data-to-value=\"8\" data-from-value=\"0\" data-delimiter=\",\"><\/span><span class=\"uagb-counter-block-suffix\">%<\/span><\/div><div class=\"wp-block-uagb-counter__title\">The Road Traveled<\/div><\/div>\n<\/div>\n\n\n\n<div class=\"wp-block-uagb-container uagb-block-619794cf\">\n<div class=\"wp-block-uagb-counter uagb-block-2fa9954c wp-block-uagb-counter--number\"><div class=\"wp-block-uagb-counter__number\"><span class=\"uagb-counter-block-number\" data-duration=\"1.5\" data-to-value=\"450000\" data-from-value=\"12000\" data-delimiter=\",\"><\/span><span class=\"uagb-counter-block-suffix\"> TL<\/span><\/div><div class=\"wp-block-uagb-counter__title\">Budget Pool<\/div><\/div>\n<\/div>\n\n\n\n<div class=\"wp-block-uagb-container uagb-block-2495ab25\">\n<div class=\"wp-block-uagb-counter uagb-block-14ef0b0a wp-block-uagb-counter--number\"><div class=\"wp-block-uagb-counter__number\"><span class=\"uagb-counter-block-number\" data-duration=\"1.5\" data-to-value=\"3\" data-from-value=\"0\" data-delimiter=\",\"><\/span><span class=\"uagb-counter-block-suffix\"> Name.<\/span><\/div><div class=\"wp-block-uagb-counter__title\">Our Draft Projects<\/div><\/div>\n<\/div>\n\n\n\n<div class=\"wp-block-uagb-container uagb-block-238bd7c1\">\n<div class=\"wp-block-uagb-counter uagb-block-dcd05062 wp-block-uagb-counter--number\"><div class=\"wp-block-uagb-counter__number\"><span class=\"uagb-counter-block-number\" data-duration=\"1.5\" data-to-value=\"4\" data-from-value=\"0\" data-delimiter=\",\"><\/span><span class=\"uagb-counter-block-suffix\"> Member<\/span><\/div><div class=\"wp-block-uagb-counter__title\">Project Partners<\/div><\/div>\n<\/div>\n<\/div>\n<\/div><\/div>\n\n\n\n<div class=\"wp-block-uagb-container uagb-block-2cb26e0b alignfull uagb-is-root-container\"><div class=\"uagb-container-inner-blocks-wrap\">\n<div class=\"wp-block-uagb-advanced-heading uagb-block-fab8d677\"><h2 class=\"uagb-heading-text\">Our Unique Value Proposition<\/h2><div class=\"uagb-separator\"><\/div><\/div>\n\n\n\n<div class=\"wp-block-uagb-container uagb-layout-grid uagb-block-291890a7\">\n<div class=\"wp-block-uagb-image uagb-block-91ce79a9 wp-block-uagb-image--layout-default wp-block-uagb-image--effect-static wp-block-uagb-image--align-none\"><figure class=\"wp-block-uagb-image__figure\"><img decoding=\"async\" srcset=\"https:\/\/www.lab.datacookers.com\/wp-content\/uploads\/2025\/06\/person-holding-white-printer-paper-5715854.jpeg ,https:\/\/www.lab.datacookers.com\/wp-content\/uploads\/2025\/06\/person-holding-white-printer-paper-5715854.jpeg 780w, https:\/\/www.lab.datacookers.com\/wp-content\/uploads\/2025\/06\/person-holding-white-printer-paper-5715854.jpeg 360w\" sizes=\"auto, (max-width: 480px) 150px\" src=\"https:\/\/www.lab.datacookers.com\/wp-content\/uploads\/2025\/06\/person-holding-white-printer-paper-5715854.jpeg\" alt=\"\" class=\"uag-image-616\" width=\"594\" height=\"575\" title=\"why-choose-us\" loading=\"lazy\" role=\"img\"\/><\/figure><\/div>\n\n\n\n<div class=\"wp-block-uagb-container uagb-block-cb0e4e06\">\n<div class=\"wp-block-uagb-info-box uagb-block-5e41a0d2 uagb-infobox__content-wrap  uagb-infobox-icon-left uagb-infobox-left uagb-infobox-image-valign-top\"><div class=\"uagb-ifb-icon-wrap\"><svg xmlns=\"https:\/\/www.w3.org\/2000\/svg\" viewbox=\"0 0 256 512\"><path d=\"M256 448c0 17.67-14.33 32-32 32H32c-17.67 0-32-14.33-32-32s14.33-32 32-32h64V123.8L49.75 154.6C35.02 164.5 15.19 160.4 5.375 145.8C-4.422 131.1-.4531 111.2 14.25 101.4l96-64c9.828-6.547 22.45-7.187 32.84-1.594C153.5 41.37 160 52.22 160 64.01v352h64C241.7 416 256 430.3 256 448z\"><\/path><\/svg><\/div><div class=\"uagb-ifb-content\"><div class=\"uagb-ifb-title-wrap\"><p class=\"uagb-ifb-title\">Innovation<\/p><\/div><p class=\"uagb-ifb-desc\">We offer innovative solutions by following digital trends.<\/p><\/div><\/div>\n\n\n\n<div class=\"wp-block-uagb-separator uagb-block-b52b04eb\"><div class=\"wp-block-uagb-separator__inner\" style=\"--my-background-image:\"><\/div><\/div>\n\n\n\n<div class=\"wp-block-uagb-info-box uagb-block-b1495590 uagb-infobox__content-wrap  uagb-infobox-icon-left uagb-infobox-left uagb-infobox-image-valign-top\"><div class=\"uagb-ifb-icon-wrap\"><svg xmlns=\"https:\/\/www.w3.org\/2000\/svg\" viewbox=\"0 0 320 512\"><path d=\"M320 448c0 17.67-14.33 32-32 32H32c-13.08 0-24.83-7.953-29.7-20.09c-4.859-12.12-1.859-26 7.594-35.03l193.6-185.1c31.36-30.17 33.95-80 5.812-113.4c-14.91-17.69-35.86-28.12-58.97-29.38C127.4 95.83 105.3 103.9 88.53 119.9L53.52 151.7c-13.08 11.91-33.33 10.89-45.2-2.172C-3.563 136.5-2.594 116.2 10.48 104.3l34.45-31.3c28.67-27.34 68.39-42.11 108.9-39.88c40.33 2.188 78.39 21.16 104.4 52.03c49.8 59.05 45.2 147.3-10.45 200.8l-136 130H288C305.7 416 320 430.3 320 448z\"><\/path><\/svg><\/div><div class=\"uagb-ifb-content\"><div class=\"uagb-ifb-title-wrap\"><p class=\"uagb-ifb-title\">Community Supported<\/p><\/div><p class=\"uagb-ifb-desc\">The opinions and experiences of our participants guide our projects.<\/p><\/div><\/div>\n\n\n\n<div class=\"wp-block-uagb-separator uagb-block-2e2c1717\"><div class=\"wp-block-uagb-separator__inner\" style=\"--my-background-image:\"><\/div><\/div>\n\n\n\n<div class=\"wp-block-uagb-info-box uagb-block-3b511a97 uagb-infobox__content-wrap  uagb-infobox-icon-left uagb-infobox-left uagb-infobox-image-valign-top\"><div class=\"uagb-ifb-icon-wrap\"><svg xmlns=\"https:\/\/www.w3.org\/2000\/svg\" viewbox=\"0 0 320 512\"><path d=\"M320 344c0 74.98-61.02 136-136 136H103.6c-46.34 0-87.31-29.53-101.1-73.48c-5.594-16.77 3.484-34.88 20.25-40.47c16.75-5.609 34.89 3.484 40.47 20.25c5.922 17.77 22.48 29.7 41.23 29.7H184c39.7 0 72-32.3 72-72s-32.3-72-72-72H80c-13.2 0-25.05-8.094-29.83-20.41C45.39 239.3 48.66 225.3 58.38 216.4l131.4-120.4H32c-17.67 0-32-14.33-32-32s14.33-32 32-32h240c13.2 0 25.05 8.094 29.83 20.41c4.781 12.3 1.516 26.27-8.203 35.19l-131.4 120.4H184C258.1 208 320 269 320 344z\"><\/path><\/svg><\/div><div class=\"uagb-ifb-content\"><div class=\"uagb-ifb-title-wrap\"><p class=\"uagb-ifb-title\">Educational Resource<\/p><\/div><p class=\"uagb-ifb-desc\">We provide easy access to information through our e-books and Digital Communities.<\/p><\/div><\/div>\n<\/div>\n<\/div>\n<\/div><\/div>\n\n\n\n<div class=\"wp-block-uagb-container uagb-block-e6bc94d0 alignfull uagb-is-root-container\"><div class=\"uagb-container-inner-blocks-wrap\">\n<div class=\"wp-block-uagb-advanced-heading uagb-block-6aa496cb\"><h2 class=\"uagb-heading-text\">Feedbacks<\/h2><div class=\"uagb-separator\"><\/div><\/div>\n\n\n\n<div class=\"wp-block-uagb-container uagb-block-91ba0fe2\">\n<div class=\"wp-block-uagb-container uagb-block-1ba7f6b1\">\n<div class=\"wp-block-uagb-info-box uagb-block-2ea92315 uagb-infobox__content-wrap  uagb-infobox-icon-above-title uagb-infobox-image-valign-top wp-block-uagb-info-box--has-margin\"><div class=\"uagb-infobox-margin-wrapper\"><div class=\"uagb-ifb-content\"><div class=\"uagb-ifb-icon-wrap\"><svg xmlns=\"https:\/\/www.w3.org\/2000\/svg\" viewbox=\"0 0 448 512\"><path d=\"M96 96C42.98 96 0 138.1 0 192s42.98 96 96 96c11.28 0 21.95-2.305 32-5.879V288c0 35.3-28.7 64-64 64c-17.67 0-32 14.33-32 32s14.33 32 32 32c70.58 0 128-57.42 128-128V192C192 138.1 149 96 96 96zM448 192c0-53.02-42.98-96-96-96s-96 42.98-96 96s42.98 96 96 96c11.28 0 21.95-2.305 32-5.879V288c0 35.3-28.7 64-64 64c-17.67 0-32 14.33-32 32s14.33 32 32 32c70.58 0 128-57.42 128-128V192z\"><\/path><\/svg><\/div><div class=\"uagb-ifb-title-wrap\"><p class=\"uagb-ifb-title\">Being in contact with Data Cookers Lab has had a huge impact on the development of my projects. The team consists of very professional and responsive people.<\/p><\/div><p class=\"uagb-ifb-desc\">Nazli Guneyer<\/p><div class=\"uagb-ifb-separator\"><\/div><\/div><\/div><\/div>\n\n\n\n<div class=\"wp-block-uagb-info-box uagb-block-3d418a0e uagb-infobox__content-wrap  uagb-infobox-icon-above-title uagb-infobox-image-valign-top wp-block-uagb-info-box--has-margin\"><div class=\"uagb-infobox-margin-wrapper\"><div class=\"uagb-ifb-content\"><div class=\"uagb-ifb-icon-wrap\"><svg xmlns=\"https:\/\/www.w3.org\/2000\/svg\" viewbox=\"0 0 448 512\"><path d=\"M96 96C42.98 96 0 138.1 0 192s42.98 96 96 96c11.28 0 21.95-2.305 32-5.879V288c0 35.3-28.7 64-64 64c-17.67 0-32 14.33-32 32s14.33 32 32 32c70.58 0 128-57.42 128-128V192C192 138.1 149 96 96 96zM448 192c0-53.02-42.98-96-96-96s-96 42.98-96 96s42.98 96 96 96c11.28 0 21.95-2.305 32-5.879V288c0 35.3-28.7 64-64 64c-17.67 0-32 14.33-32 32s14.33 32 32 32c70.58 0 128-57.42 128-128V192z\"><\/path><\/svg><\/div><div class=\"uagb-ifb-title-wrap\"><p class=\"uagb-ifb-title\">They have provided great resources to develop my strategies in the evolving digital marketing landscape and are extremely generous with their knowledge sharing.<\/p><\/div><p class=\"uagb-ifb-desc\">Sadik Toprakci<\/p><\/div><\/div><\/div>\n<\/div>\n\n\n\n<div class=\"wp-block-uagb-container uagb-block-b6fd1467\">\n<div class=\"wp-block-uagb-info-box uagb-block-05ff59da uagb-infobox__content-wrap  uagb-infobox-icon-above-title uagb-infobox-image-valign-top wp-block-uagb-info-box--has-margin\"><div class=\"uagb-infobox-margin-wrapper\"><div class=\"uagb-ifb-content\"><div class=\"uagb-ifb-icon-wrap\"><svg xmlns=\"https:\/\/www.w3.org\/2000\/svg\" viewbox=\"0 0 448 512\"><path d=\"M96 96C42.98 96 0 138.1 0 192s42.98 96 96 96c11.28 0 21.95-2.305 32-5.879V288c0 35.3-28.7 64-64 64c-17.67 0-32 14.33-32 32s14.33 32 32 32c70.58 0 128-57.42 128-128V192C192 138.1 149 96 96 96zM448 192c0-53.02-42.98-96-96-96s-96 42.98-96 96s42.98 96 96 96c11.28 0 21.95-2.305 32-5.879V288c0 35.3-28.7 64-64 64c-17.67 0-32 14.33-32 32s14.33 32 32 32c70.58 0 128-57.42 128-128V192z\"><\/path><\/svg><\/div><div class=\"uagb-ifb-title-wrap\"><h3 class=\"uagb-ifb-title\">Thanks to DataCookers LAB, I improved my knowledge of Digital Marketing, accurate KPI and data reading, a caring community<\/h3><\/div><p class=\"uagb-ifb-desc\">Elif I\u015f\u0131l Ayd\u0131nl\u0131<\/p><\/div><\/div><\/div>\n<\/div>\n<\/div>\n<\/div><\/div>\n\n\n\n<div class=\"wp-block-uagb-container uagb-block-381422f4 alignfull uagb-is-root-container\"><div class=\"uagb-container-inner-blocks-wrap\">\n<div class=\"wp-block-uagb-info-box uagb-block-fa702b80 uagb-infobox__content-wrap  uagb-infobox-icon-above-title uagb-infobox-image-valign-top wp-block-uagb-info-box--has-margin\"><div class=\"uagb-infobox-margin-wrapper\"><div class=\"uagb-ifb-content\"><div class=\"uagb-ifb-title-wrap\"><div class=\"uagb-ifb-separator\"><\/div><h2 class=\"uagb-ifb-title\">Choose the Best for Your Experiences!<\/h2><\/div><p class=\"uagb-ifb-desc\">Learn best practices in the digital world and take your projects to the next level with DataCookers LAB.<\/p><div class=\"uagb-ifb-button-wrapper wp-block-button\"><a href=\"https:\/\/www.lab.datacookers.com\/en\/iletisim\/\" class=\"uagb-infobox-cta-link wp-block-button__link\" target=\"_self\" rel=\"noopener noreferrer\" onclick=\"return true;\"><span class=\"uagb-inline-editing\">Get started<\/span><\/a><\/div><\/div><\/div><\/div>\n<\/div><\/div>","protected":false},"excerpt":{"rendered":"<p>Biz Kimiz? DataCookers LAB, bir dijital labaratuvar olup, Dijital Pazarlama Ajans\u0131m\u0131z DataCookers&#8217;\u0131n payla\u015f\u0131mc\u0131 topluluk alan\u0131d\u0131r. Dijital deneyimlerle ilgili yenilik\u00e7i \u00e7\u00f6z\u00fcmler [&hellip;]<\/p>","protected":false},"author":6,"featured_media":0,"parent":0,"menu_order":0,"comment_status":"closed","ping_status":"closed","template":"","meta":{"_surecart_dashboard_logo_width":"180px","_surecart_dashboard_show_logo":true,"_surecart_dashboard_navigation_orders":true,"_surecart_dashboard_navigation_invoices":true,"_surecart_dashboard_navigation_subscriptions":true,"_surecart_dashboard_navigation_downloads":true,"_surecart_dashboard_navigation_billing":true,"_surecart_dashboard_navigation_account":true,"_uag_custom_page_level_css":"","site-sidebar-layout":"default","site-content-layout":"","ast-site-content-layout":"default","site-content-style":"default","site-sidebar-style":"default","ast-global-header-display":"","ast-banner-title-visibility":"","ast-main-header-display":"","ast-hfb-above-header-display":"","ast-hfb-below-header-display":"","ast-hfb-mobile-header-display":"","site-post-title":"disabled","ast-breadcrumbs-content":"","ast-featured-img":"","footer-sml-layout":"","ast-disable-related-posts":"","theme-transparent-header-meta":"enabled","adv-header-id-meta":"","stick-header-meta":"","header-above-stick-meta":"","header-main-stick-meta":"","header-below-stick-meta":"","astra-migrate-meta-layouts":"default","ast-page-background-enabled":"default","ast-page-background-meta":{"desktop":{"background-color":"var(--ast-global-color-4)","background-image":"","background-repeat":"repeat","background-position":"center center","background-size":"auto","background-attachment":"scroll","background-type":"","background-media":"","overlay-type":"","overlay-color":"","overlay-opacity":"","overlay-gradient":""},"tablet":{"background-color":"","background-image":"","background-repeat":"repeat","background-position":"center center","background-size":"auto","background-attachment":"scroll","background-type":"","background-media":"","overlay-type":"","overlay-color":"","overlay-opacity":"","overlay-gradient":""},"mobile":{"background-color":"","background-image":"","background-repeat":"repeat","background-position":"center center","background-size":"auto","background-attachment":"scroll","background-type":"","background-media":"","overlay-type":"","overlay-color":"","overlay-opacity":"","overlay-gradient":""}},"ast-content-background-meta":{"desktop":{"background-color":"var(--ast-global-color-5)","background-image":"","background-repeat":"repeat","background-position":"center center","background-size":"auto","background-attachment":"scroll","background-type":"","background-media":"","overlay-type":"","overlay-color":"","overlay-opacity":"","overlay-gradient":""},"tablet":{"background-color":"var(--ast-global-color-5)","background-image":"","background-repeat":"repeat","background-position":"center center","background-size":"auto","background-attachment":"scroll","background-type":"","background-media":"","overlay-type":"","overlay-color":"","overlay-opacity":"","overlay-gradient":""},"mobile":{"background-color":"var(--ast-global-color-5)","background-image":"","background-repeat":"repeat","background-position":"center center","background-size":"auto","background-attachment":"scroll","background-type":"","background-media":"","overlay-type":"","overlay-color":"","overlay-opacity":"","overlay-gradient":""}},"footnotes":""},"class_list":["post-281","page","type-page","status-publish","hentry"],"uagb_featured_image_src":{"full":false,"thumbnail":false,"medium":false,"medium_large":false,"large":false,"1536x1536":false,"2048x2048":false,"trp-custom-language-flag":false},"uagb_author_info":{"display_name":"DAVUT KIRAY","author_link":"https:\/\/www.lab.datacookers.com\/en\/author\/davutkiraylabdatacookers\/"},"uagb_comment_info":0,"uagb_excerpt":"Biz Kimiz? DataCookers LAB, bir dijital labaratuvar olup, Dijital Pazarlama Ajans\u0131m\u0131z DataCookers&#8217;\u0131n payla\u015f\u0131mc\u0131 topluluk alan\u0131d\u0131r. Dijital deneyimlerle ilgili yenilik\u00e7i \u00e7\u00f6z\u00fcmler [&hellip;]","_links":{"self":[{"href":"https:\/\/www.lab.datacookers.com\/en\/wp-json\/wp\/v2\/pages\/281","targetHints":{"allow":["GET"]}}],"collection":[{"href":"https:\/\/www.lab.datacookers.com\/en\/wp-json\/wp\/v2\/pages"}],"about":[{"href":"https:\/\/www.lab.datacookers.com\/en\/wp-json\/wp\/v2\/types\/page"}],"author":[{"embeddable":true,"href":"https:\/\/www.lab.datacookers.com\/en\/wp-json\/wp\/v2\/users\/6"}],"replies":[{"embeddable":true,"href":"https:\/\/www.lab.datacookers.com\/en\/wp-json\/wp\/v2\/comments?post=281"}],"version-history":[{"count":20,"href":"https:\/\/www.lab.datacookers.com\/en\/wp-json\/wp\/v2\/pages\/281\/revisions"}],"predecessor-version":[{"id":725,"href":"https:\/\/www.lab.datacookers.com\/en\/wp-json\/wp\/v2\/pages\/281\/revisions\/725"}],"wp:attachment":[{"href":"https:\/\/www.lab.datacookers.com\/en\/wp-json\/wp\/v2\/media?parent=281"}],"curies":[{"name":"wp","href":"https:\/\/api.w.org\/{rel}","templated":true}]}}