{"id":282,"date":"2025-06-03T19:14:30","date_gmt":"2025-06-03T19:14:30","guid":{"rendered":"https:\/\/www.lab.datacookers.com\/?page_id=282"},"modified":"2025-07-01T22:31:00","modified_gmt":"2025-07-01T22:31:00","slug":"hakkimizda","status":"publish","type":"page","link":"https:\/\/www.lab.datacookers.com\/en\/hakkimizda\/","title":{"rendered":"Who Are We?"},"content":{"rendered":"<div class=\"wp-block-uagb-container uagb-block-94148ffa alignfull uagb-is-root-container\"><div class=\"uagb-container-inner-blocks-wrap\">\n<div class=\"wp-block-uagb-advanced-heading uagb-block-482ce1a0\"><h1 class=\"uagb-heading-text\">Hakk\u0131m\u0131zda<\/h1><div class=\"uagb-separator\"><\/div><\/div>\n<\/div><\/div>\n\n\n\n<div class=\"wp-block-uagb-container uagb-block-9079965e alignfull uagb-is-root-container\"><div class=\"uagb-container-inner-blocks-wrap\">\n<div class=\"wp-block-uagb-info-box uagb-block-c97bace5 uagb-infobox__content-wrap  uagb-infobox-icon-above-title uagb-infobox-image-valign-top wp-block-uagb-info-box--has-margin\"><div class=\"uagb-infobox-margin-wrapper\"><div class=\"uagb-ifb-content\"><div class=\"uagb-ifb-title-wrap\"><h2 class=\"uagb-ifb-title-prefix\">\u015eirket Hakk\u0131nda<\/h2><div class=\"uagb-ifb-separator\"><\/div><p class=\"uagb-ifb-title\">DataCookers LAB, dijital deneyler ve bilgi payla\u015f\u0131m\u0131 i\u00e7in bir alan sunar.<\/p><\/div><\/div><\/div><\/div>\n\n\n\n<div class=\"wp-block-uagb-container uagb-block-d5e6b2e5\">\n<div class=\"wp-block-uagb-advanced-heading uagb-block-81ce68d0\"><p class=\"uagb-heading-text\">DataCookers LAB, yenilik\u00e7i dijital projeler geli\u015ftiren ve topluluk odakl\u0131 bir bilgi merkezi olarak, yapay zeka ve dijital pazarlama konular\u0131nda uzmanla\u015fm\u0131\u015ft\u0131r.<\/p><p class=\"uagb-desc-text\">Yenilik\u00e7i dijital \u00e7\u00f6z\u00fcmler sunmaktay\u0131z.<\/p><\/div>\n\n\n\n<div class=\"wp-block-uagb-advanced-heading uagb-block-9e259342\"><p class=\"uagb-heading-text\">Amac\u0131m\u0131z, verileri anlamak ve kullanmak i\u00e7in kullan\u0131c\u0131lar\u0131 bilgilendirmek ve ilham vermek. Mutlaka kat\u0131lmak i\u00e7in DIY projeler ve at\u00f6lyeler planl\u0131yoruz.<\/p><p class=\"uagb-desc-text\">Toplulu\u011fumuzla birlikte b\u00fcy\u00fcmeyi hedefliyoruz.<\/p><\/div>\n<\/div>\n<\/div><\/div>\n\n\n\n<div class=\"wp-block-uagb-container uagb-block-47537c36 alignfull uagb-is-root-container\"><div class=\"uagb-container-inner-blocks-wrap\">\n<div class=\"wp-block-uagb-info-box uagb-block-b33e2b2e uagb-infobox__content-wrap  uagb-infobox-icon-above-title uagb-infobox-image-valign-top wp-block-uagb-info-box--has-margin\"><div class=\"uagb-infobox-margin-wrapper\"><div class=\"uagb-ifb-content\"><div class=\"uagb-ifb-title-wrap\"><h2 class=\"uagb-ifb-title-prefix\">Ge\u00e7mi\u015fimizi Tan\u0131y\u0131n<\/h2><div class=\"uagb-ifb-separator\"><\/div><p class=\"uagb-ifb-title\">DataCookers LAB&#8217;in Kurulu\u015fu ve Geli\u015fimi<\/p><\/div><p class=\"uagb-ifb-desc\">DataCookers LAB, dijital d\u00fcnyada yenilik\u00e7i projeler geli\u015ftirmek amac\u0131yla kuruldu. \u0130lk olarak 2020 y\u0131l\u0131nda faaliyete ge\u00e7en LAB, h\u0131zla topluluk odakl\u0131 bir bilgi ve deneyim payla\u015f\u0131m merkezi haline geldi. Geli\u015ftirdi\u011fimiz projeler, kullan\u0131c\u0131lar\u0131n veri bilimi ve dijital pazarlama alan\u0131nda daha iyi anlay\u0131\u015f kazanmas\u0131n\u0131 sa\u011fl\u0131yor. Her ge\u00e7en g\u00fcn b\u00fcy\u00fcyen bir toplulukla birlikte e\u011fitimler ve at\u00f6lyeler d\u00fczenleyerek bilgi payla\u015f\u0131m\u0131n\u0131 art\u0131r\u0131yoruz.<\/p><\/div><\/div><\/div>\n<\/div><\/div>\n\n\n\n<div class=\"wp-block-uagb-container uagb-block-fbc31bae alignfull uagb-is-root-container\"><div class=\"uagb-container-inner-blocks-wrap\">\n<div class=\"wp-block-uagb-advanced-heading uagb-block-7a29683e\"><h2 class=\"uagb-heading-text\">Ekibimiz<\/h2><div class=\"uagb-separator\"><\/div><\/div>\n\n\n\n<div class=\"wp-block-uagb-container uagb-block-1f8799dd\">\n<div class=\"wp-block-uagb-container uagb-block-76e33890\">\n<div class=\"wp-block-uagb-image uagb-block-fc68261a wp-block-uagb-image--layout-default wp-block-uagb-image--effect-static wp-block-uagb-image--align-none\"><figure class=\"wp-block-uagb-image__figure\"><img decoding=\"async\" srcset=\"https:\/\/www.lab.datacookers.com\/wp-content\/uploads\/2024\/05\/team-skip-01.jpg ,https:\/\/www.lab.datacookers.com\/wp-content\/uploads\/2024\/05\/team-skip-01.jpg 780w, https:\/\/www.lab.datacookers.com\/wp-content\/uploads\/2024\/05\/team-skip-01.jpg 360w\" sizes=\"auto, (max-width: 480px) 150px\" src=\"https:\/\/www.lab.datacookers.com\/wp-content\/uploads\/2024\/05\/team-skip-01.jpg\" alt=\"\" class=\"uag-image-269\" width=\"392\" height=\"400\" title=\"team-skip-01\" loading=\"lazy\" role=\"img\"\/><\/figure><\/div>\n\n\n\n<div class=\"wp-block-uagb-advanced-heading uagb-block-fdf3a9c0\"><h3 class=\"uagb-heading-text\">Martha Oliver<\/h3><p class=\"uagb-desc-text\">\u0130\u015f Unvan\u0131<\/p><\/div>\n<\/div>\n\n\n\n<div class=\"wp-block-uagb-container uagb-block-1cc82ab3\">\n<div class=\"wp-block-uagb-image uagb-block-1ce291ec wp-block-uagb-image--layout-default wp-block-uagb-image--effect-static wp-block-uagb-image--align-none\"><figure class=\"wp-block-uagb-image__figure\"><img decoding=\"async\" srcset=\"https:\/\/www.lab.datacookers.com\/wp-content\/uploads\/2024\/05\/team-skip-02.jpg ,https:\/\/www.lab.datacookers.com\/wp-content\/uploads\/2024\/05\/team-skip-02.jpg 780w, https:\/\/www.lab.datacookers.com\/wp-content\/uploads\/2024\/05\/team-skip-02.jpg 360w\" sizes=\"auto, (max-width: 480px) 150px\" src=\"https:\/\/www.lab.datacookers.com\/wp-content\/uploads\/2024\/05\/team-skip-02.jpg\" alt=\"\" class=\"uag-image-270\" width=\"392\" height=\"400\" title=\"team-skip-02\" loading=\"lazy\" role=\"img\"\/><\/figure><\/div>\n\n\n\n<div class=\"wp-block-uagb-advanced-heading uagb-block-706fd04f\"><h3 class=\"uagb-heading-text\">Andrea Taylor<\/h3><p class=\"uagb-desc-text\">\u0130\u015f Unvan\u0131<\/p><\/div>\n<\/div>\n\n\n\n<div class=\"wp-block-uagb-container uagb-block-8889f935\">\n<div class=\"wp-block-uagb-image uagb-block-a1675e0b wp-block-uagb-image--layout-default wp-block-uagb-image--effect-static wp-block-uagb-image--align-none\"><figure class=\"wp-block-uagb-image__figure\"><img decoding=\"async\" srcset=\"https:\/\/www.lab.datacookers.com\/wp-content\/uploads\/2024\/05\/team-skip-03.jpg ,https:\/\/www.lab.datacookers.com\/wp-content\/uploads\/2024\/05\/team-skip-03.jpg 780w, https:\/\/www.lab.datacookers.com\/wp-content\/uploads\/2024\/05\/team-skip-03.jpg 360w\" sizes=\"auto, (max-width: 480px) 150px\" src=\"https:\/\/www.lab.datacookers.com\/wp-content\/uploads\/2024\/05\/team-skip-03.jpg\" alt=\"\" class=\"uag-image-271\" width=\"392\" height=\"400\" title=\"team-skip-03\" loading=\"lazy\" role=\"img\"\/><\/figure><\/div>\n\n\n\n<div class=\"wp-block-uagb-advanced-heading uagb-block-6223049b\"><h3 class=\"uagb-heading-text\">Diana David<\/h3><p class=\"uagb-desc-text\">\u0130\u015f Unvan\u0131<\/p><\/div>\n<\/div>\n<\/div>\n<\/div><\/div>\n\n\n\n<div class=\"wp-block-uagb-container uagb-block-381422f4 alignfull uagb-is-root-container\"><div class=\"uagb-container-inner-blocks-wrap\">\n<div class=\"wp-block-uagb-info-box uagb-block-fa702b80 uagb-infobox__content-wrap  uagb-infobox-icon-above-title uagb-infobox-image-valign-top wp-block-uagb-info-box--has-margin\"><div class=\"uagb-infobox-margin-wrapper\"><div class=\"uagb-ifb-content\"><div class=\"uagb-ifb-title-wrap\"><div class=\"uagb-ifb-separator\"><\/div><h2 class=\"uagb-ifb-title\">Choose the Best for Your Experiences!<\/h2><\/div><p class=\"uagb-ifb-desc\">Learn best practices in the digital world and take your projects to the next level with DataCookers LAB.<\/p><div class=\"uagb-ifb-button-wrapper wp-block-button\"><a href=\"https:\/\/www.lab.datacookers.com\/en\/iletisim\/\" class=\"uagb-infobox-cta-link wp-block-button__link\" target=\"_self\" rel=\"noopener noreferrer\" onclick=\"return true;\"><span class=\"uagb-inline-editing\">Get started<\/span><\/a><\/div><\/div><\/div><\/div>\n<\/div><\/div>","protected":false},"excerpt":{"rendered":"<p>Hakk\u0131m\u0131zda DataCookers LAB, yenilik\u00e7i dijital projeler geli\u015ftiren ve topluluk odakl\u0131 bir bilgi merkezi olarak, yapay zeka ve dijital pazarlama konular\u0131nda [&hellip;]<\/p>","protected":false},"author":6,"featured_media":0,"parent":0,"menu_order":0,"comment_status":"closed","ping_status":"closed","template":"","meta":{"_surecart_dashboard_logo_width":"180px","_surecart_dashboard_show_logo":true,"_surecart_dashboard_navigation_orders":true,"_surecart_dashboard_navigation_invoices":true,"_surecart_dashboard_navigation_subscriptions":true,"_surecart_dashboard_navigation_downloads":true,"_surecart_dashboard_navigation_billing":true,"_surecart_dashboard_navigation_account":true,"_uag_custom_page_level_css":"","site-sidebar-layout":"default","site-content-layout":"","ast-site-content-layout":"default","site-content-style":"default","site-sidebar-style":"default","ast-global-header-display":"","ast-banner-title-visibility":"","ast-main-header-display":"","ast-hfb-above-header-display":"","ast-hfb-below-header-display":"","ast-hfb-mobile-header-display":"","site-post-title":"disabled","ast-breadcrumbs-content":"","ast-featured-img":"","footer-sml-layout":"","ast-disable-related-posts":"","theme-transparent-header-meta":"enabled","adv-header-id-meta":"","stick-header-meta":"","header-above-stick-meta":"","header-main-stick-meta":"","header-below-stick-meta":"","astra-migrate-meta-layouts":"default","ast-page-background-enabled":"default","ast-page-background-meta":{"desktop":{"background-color":"var(--ast-global-color-4)","background-image":"","background-repeat":"repeat","background-position":"center center","background-size":"auto","background-attachment":"scroll","background-type":"","background-media":"","overlay-type":"","overlay-color":"","overlay-opacity":"","overlay-gradient":""},"tablet":{"background-color":"","background-image":"","background-repeat":"repeat","background-position":"center center","background-size":"auto","background-attachment":"scroll","background-type":"","background-media":"","overlay-type":"","overlay-color":"","overlay-opacity":"","overlay-gradient":""},"mobile":{"background-color":"","background-image":"","background-repeat":"repeat","background-position":"center center","background-size":"auto","background-attachment":"scroll","background-type":"","background-media":"","overlay-type":"","overlay-color":"","overlay-opacity":"","overlay-gradient":""}},"ast-content-background-meta":{"desktop":{"background-color":"var(--ast-global-color-5)","background-image":"","background-repeat":"repeat","background-position":"center center","background-size":"auto","background-attachment":"scroll","background-type":"","background-media":"","overlay-type":"","overlay-color":"","overlay-opacity":"","overlay-gradient":""},"tablet":{"background-color":"var(--ast-global-color-5)","background-image":"","background-repeat":"repeat","background-position":"center center","background-size":"auto","background-attachment":"scroll","background-type":"","background-media":"","overlay-type":"","overlay-color":"","overlay-opacity":"","overlay-gradient":""},"mobile":{"background-color":"var(--ast-global-color-5)","background-image":"","background-repeat":"repeat","background-position":"center center","background-size":"auto","background-attachment":"scroll","background-type":"","background-media":"","overlay-type":"","overlay-color":"","overlay-opacity":"","overlay-gradient":""}},"footnotes":""},"class_list":["post-282","page","type-page","status-publish","hentry"],"uagb_featured_image_src":{"full":false,"thumbnail":false,"medium":false,"medium_large":false,"large":false,"1536x1536":false,"2048x2048":false,"trp-custom-language-flag":false},"uagb_author_info":{"display_name":"DAVUT KIRAY","author_link":"https:\/\/www.lab.datacookers.com\/en\/author\/davutkiraylabdatacookers\/"},"uagb_comment_info":0,"uagb_excerpt":"Hakk\u0131m\u0131zda DataCookers LAB, yenilik\u00e7i dijital projeler geli\u015ftiren ve topluluk odakl\u0131 bir bilgi merkezi olarak, yapay zeka ve dijital pazarlama konular\u0131nda [&hellip;]","_links":{"self":[{"href":"https:\/\/www.lab.datacookers.com\/en\/wp-json\/wp\/v2\/pages\/282","targetHints":{"allow":["GET"]}}],"collection":[{"href":"https:\/\/www.lab.datacookers.com\/en\/wp-json\/wp\/v2\/pages"}],"about":[{"href":"https:\/\/www.lab.datacookers.com\/en\/wp-json\/wp\/v2\/types\/page"}],"author":[{"embeddable":true,"href":"https:\/\/www.lab.datacookers.com\/en\/wp-json\/wp\/v2\/users\/6"}],"replies":[{"embeddable":true,"href":"https:\/\/www.lab.datacookers.com\/en\/wp-json\/wp\/v2\/comments?post=282"}],"version-history":[{"count":2,"href":"https:\/\/www.lab.datacookers.com\/en\/wp-json\/wp\/v2\/pages\/282\/revisions"}],"predecessor-version":[{"id":667,"href":"https:\/\/www.lab.datacookers.com\/en\/wp-json\/wp\/v2\/pages\/282\/revisions\/667"}],"wp:attachment":[{"href":"https:\/\/www.lab.datacookers.com\/en\/wp-json\/wp\/v2\/media?parent=282"}],"curies":[{"name":"wp","href":"https:\/\/api.w.org\/{rel}","templated":true}]}}