{"id":671,"date":"2025-07-01T23:02:56","date_gmt":"2025-07-01T23:02:56","guid":{"rendered":"https:\/\/www.lab.datacookers.com\/?page_id=671"},"modified":"2025-07-01T23:02:58","modified_gmt":"2025-07-01T23:02:58","slug":"e-kitaplar","status":"publish","type":"page","link":"https:\/\/www.lab.datacookers.com\/en\/e-kitaplar\/","title":{"rendered":"E-Books"},"content":{"rendered":"<div class=\"wp-block-uagb-container uagb-block-94148ffa alignfull uagb-is-root-container\"><div class=\"uagb-container-inner-blocks-wrap\">\n<div class=\"wp-block-uagb-advanced-heading uagb-block-482ce1a0\"><h1 class=\"uagb-heading-text\">E-Books<\/h1><div class=\"uagb-separator\"><\/div><\/div>\n<\/div><\/div>\n\n\n\n<div class=\"wp-block-uagb-container uagb-layout-grid uagb-block-caf63293 alignfull uagb-is-root-container\"><div class=\"uagb-container-inner-blocks-wrap\">\n<div class=\"wp-block-uagb-container uagb-block-9285b188\">\n<div class=\"wp-block-uagb-image uagb-block-20c5a042 wp-block-uagb-image--layout-default wp-block-uagb-image--effect-static wp-block-uagb-image--align-none\"><figure class=\"wp-block-uagb-image__figure\"><img decoding=\"async\" srcset=\"https:\/\/www.lab.datacookers.com\/wp-content\/uploads\/2025\/06\/man-and-woman-sitting-at-table-with-macbook-5716031.jpeg ,https:\/\/www.lab.datacookers.com\/wp-content\/uploads\/2025\/06\/man-and-woman-sitting-at-table-with-macbook-5716031.jpeg 780w, https:\/\/www.lab.datacookers.com\/wp-content\/uploads\/2025\/06\/man-and-woman-sitting-at-table-with-macbook-5716031.jpeg 360w\" sizes=\"auto, (max-width: 480px) 150px\" src=\"https:\/\/www.lab.datacookers.com\/wp-content\/uploads\/2025\/06\/man-and-woman-sitting-at-table-with-macbook-5716031.jpeg\" alt=\"\" class=\"uag-image-626\" width=\"594\" height=\"350\" title=\"services-01\" loading=\"lazy\" role=\"img\"\/><\/figure><\/div>\n\n\n\n<div class=\"wp-block-uagb-advanced-heading uagb-block-7a29683e\"><h2 class=\"uagb-heading-text\">Kategori 01 &#8211; Dijital Pazarlama<\/h2><div class=\"uagb-separator\"><\/div><p class=\"uagb-desc-text\">Dijital Pazarlama &#8211; Deniz derya, i\u00e7inde psikoloji, sosyoloji, teknoloji, veri analizi, yaz\u0131l\u0131m, reklam kurgular\u0131, marka bilinci, m\u00fc\u015fteri yolculu\u011fu gibi bir\u00e7ok analojiyi kendi i\u00e7inde bar\u0131nd\u0131ran ve herg\u00fcn de\u011fi\u015fen bu dinamik sekt\u00f6r bilgiye doymuyor.<\/p><\/div>\n<\/div>\n\n\n\n<div class=\"wp-block-uagb-container uagb-block-d5e7b371\">\n<div class=\"wp-block-uagb-image uagb-block-00530e37 wp-block-uagb-image--layout-default wp-block-uagb-image--effect-static wp-block-uagb-image--align-none\"><figure class=\"wp-block-uagb-image__figure\"><img decoding=\"async\" srcset=\"https:\/\/www.lab.datacookers.com\/wp-content\/uploads\/2025\/06\/person-in-black-long-sleeve-shirt-using-macbook-pro-7213549.jpeg ,https:\/\/www.lab.datacookers.com\/wp-content\/uploads\/2025\/06\/person-in-black-long-sleeve-shirt-using-macbook-pro-7213549.jpeg 780w, https:\/\/www.lab.datacookers.com\/wp-content\/uploads\/2025\/06\/person-in-black-long-sleeve-shirt-using-macbook-pro-7213549.jpeg 360w\" sizes=\"auto, (max-width: 480px) 150px\" src=\"https:\/\/www.lab.datacookers.com\/wp-content\/uploads\/2025\/06\/person-in-black-long-sleeve-shirt-using-macbook-pro-7213549.jpeg\" alt=\"\" class=\"uag-image-629\" width=\"594\" height=\"500\" title=\"services-02\" loading=\"lazy\" role=\"img\"\/><\/figure><\/div>\n\n\n\n<div class=\"wp-block-uagb-advanced-heading uagb-block-00bb50a9\"><h2 class=\"uagb-heading-text\">Kategori 02 &#8211; AI \/ Yapay Zeka<\/h2><div class=\"uagb-separator\"><\/div><p class=\"uagb-desc-text\">Yapay Zeka G\u00fcncelleme ve Uygulamalar\u0131<\/p><\/div>\n<\/div>\n\n\n\n<div class=\"wp-block-uagb-container uagb-block-628815f7\">\n<div class=\"wp-block-uagb-image uagb-block-dbac32c9 wp-block-uagb-image--layout-default wp-block-uagb-image--effect-static wp-block-uagb-image--align-none\"><figure class=\"wp-block-uagb-image__figure\"><img decoding=\"async\" srcset=\"https:\/\/www.lab.datacookers.com\/wp-content\/uploads\/2025\/06\/a-person-holding-a-pen-showing-finance-review-chart-7876322.jpeg ,https:\/\/www.lab.datacookers.com\/wp-content\/uploads\/2025\/06\/a-person-holding-a-pen-showing-finance-review-chart-7876322.jpeg 780w, https:\/\/www.lab.datacookers.com\/wp-content\/uploads\/2025\/06\/a-person-holding-a-pen-showing-finance-review-chart-7876322.jpeg 360w\" sizes=\"auto, (max-width: 480px) 150px\" src=\"https:\/\/www.lab.datacookers.com\/wp-content\/uploads\/2025\/06\/a-person-holding-a-pen-showing-finance-review-chart-7876322.jpeg\" alt=\"\" class=\"uag-image-622\" width=\"594\" height=\"500\" title=\"services-03\" loading=\"lazy\" role=\"img\"\/><\/figure><\/div>\n\n\n\n<div class=\"wp-block-uagb-advanced-heading uagb-block-b0c45bf6\"><h2 class=\"uagb-heading-text\">e-Kitap|Kategori 03 &#8211; Her Y\u00f6nden E\u011fitim<\/h2><div class=\"uagb-separator\"><\/div><p class=\"uagb-desc-text\">E\u011fitim Kitaplar\u0131m\u0131z<\/p><\/div>\n<\/div>\n\n\n\n<div class=\"wp-block-uagb-container uagb-block-a94242b0\">\n<div class=\"wp-block-uagb-image uagb-block-d8e7c5b9 wp-block-uagb-image--layout-default wp-block-uagb-image--effect-static wp-block-uagb-image--align-none\"><figure class=\"wp-block-uagb-image__figure\"><img decoding=\"async\" srcset=\"https:\/\/www.lab.datacookers.com\/wp-content\/uploads\/2025\/06\/black-tablet-computer-behind-books-1329571.jpeg ,https:\/\/www.lab.datacookers.com\/wp-content\/uploads\/2025\/06\/black-tablet-computer-behind-books-1329571.jpeg 780w, https:\/\/www.lab.datacookers.com\/wp-content\/uploads\/2025\/06\/black-tablet-computer-behind-books-1329571.jpeg 360w\" sizes=\"auto, (max-width: 480px) 150px\" src=\"https:\/\/www.lab.datacookers.com\/wp-content\/uploads\/2025\/06\/black-tablet-computer-behind-books-1329571.jpeg\" alt=\"\" class=\"uag-image-631\" width=\"594\" height=\"350\" title=\"services-04\" loading=\"lazy\" role=\"img\"\/><\/figure><\/div>\n\n\n\n<div class=\"wp-block-uagb-advanced-heading uagb-block-d86928e9\"><h2 class=\"uagb-heading-text\">e-Kitap|Kategori 04 &#8211; Di\u011fer<\/h2><div class=\"uagb-separator\"><\/div><p class=\"uagb-desc-text\">Test<\/p><\/div>\n<\/div>\n<\/div><\/div>\n\n\n\n<div class=\"wp-block-uagb-container uagb-block-381422f4 alignfull uagb-is-root-container\"><div class=\"uagb-container-inner-blocks-wrap\">\n<div class=\"wp-block-uagb-info-box uagb-block-fa702b80 uagb-infobox__content-wrap  uagb-infobox-icon-above-title uagb-infobox-image-valign-top wp-block-uagb-info-box--has-margin\"><div class=\"uagb-infobox-margin-wrapper\"><div class=\"uagb-ifb-content\"><div class=\"uagb-ifb-title-wrap\"><div class=\"uagb-ifb-separator\"><\/div><h2 class=\"uagb-ifb-title\">Choose the Best for Your Experiences!<\/h2><\/div><p class=\"uagb-ifb-desc\">Learn best practices in the digital world and take your projects to the next level with DataCookers LAB.<\/p><div class=\"uagb-ifb-button-wrapper wp-block-button\"><a href=\"https:\/\/www.lab.datacookers.com\/en\/iletisim\/\" class=\"uagb-infobox-cta-link wp-block-button__link\" target=\"_self\" rel=\"noopener noreferrer\" onclick=\"return true;\"><span class=\"uagb-inline-editing\">Get started<\/span><\/a><\/div><\/div><\/div><\/div>\n<\/div><\/div>","protected":false},"excerpt":{"rendered":"<p>E-Kitaplar Kategori 01 &#8211; Dijital Pazarlama Dijital Pazarlama &#8211; Deniz derya, i\u00e7inde psikoloji, sosyoloji, teknoloji, veri analizi, yaz\u0131l\u0131m, reklam kurgular\u0131, [&hellip;]<\/p>","protected":false},"author":6,"featured_media":0,"parent":0,"menu_order":0,"comment_status":"closed","ping_status":"closed","template":"","meta":{"_surecart_dashboard_logo_width":"180px","_surecart_dashboard_show_logo":true,"_surecart_dashboard_navigation_orders":true,"_surecart_dashboard_navigation_invoices":true,"_surecart_dashboard_navigation_subscriptions":true,"_surecart_dashboard_navigation_downloads":true,"_surecart_dashboard_navigation_billing":true,"_surecart_dashboard_navigation_account":true,"_uag_custom_page_level_css":"","site-sidebar-layout":"default","site-content-layout":"","ast-site-content-layout":"default","site-content-style":"default","site-sidebar-style":"default","ast-global-header-display":"","ast-banner-title-visibility":"","ast-main-header-display":"","ast-hfb-above-header-display":"","ast-hfb-below-header-display":"","ast-hfb-mobile-header-display":"","site-post-title":"disabled","ast-breadcrumbs-content":"","ast-featured-img":"","footer-sml-layout":"","ast-disable-related-posts":"","theme-transparent-header-meta":"enabled","adv-header-id-meta":"","stick-header-meta":"","header-above-stick-meta":"","header-main-stick-meta":"","header-below-stick-meta":"","astra-migrate-meta-layouts":"default","ast-page-background-enabled":"default","ast-page-background-meta":{"desktop":{"background-color":"var(--ast-global-color-4)","background-image":"","background-repeat":"repeat","background-position":"center center","background-size":"auto","background-attachment":"scroll","background-type":"","background-media":"","overlay-type":"","overlay-color":"","overlay-opacity":"","overlay-gradient":""},"tablet":{"background-color":"","background-image":"","background-repeat":"repeat","background-position":"center center","background-size":"auto","background-attachment":"scroll","background-type":"","background-media":"","overlay-type":"","overlay-color":"","overlay-opacity":"","overlay-gradient":""},"mobile":{"background-color":"","background-image":"","background-repeat":"repeat","background-position":"center center","background-size":"auto","background-attachment":"scroll","background-type":"","background-media":"","overlay-type":"","overlay-color":"","overlay-opacity":"","overlay-gradient":""}},"ast-content-background-meta":{"desktop":{"background-color":"var(--ast-global-color-5)","background-image":"","background-repeat":"repeat","background-position":"center center","background-size":"auto","background-attachment":"scroll","background-type":"","background-media":"","overlay-type":"","overlay-color":"","overlay-opacity":"","overlay-gradient":""},"tablet":{"background-color":"var(--ast-global-color-5)","background-image":"","background-repeat":"repeat","background-position":"center center","background-size":"auto","background-attachment":"scroll","background-type":"","background-media":"","overlay-type":"","overlay-color":"","overlay-opacity":"","overlay-gradient":""},"mobile":{"background-color":"var(--ast-global-color-5)","background-image":"","background-repeat":"repeat","background-position":"center center","background-size":"auto","background-attachment":"scroll","background-type":"","background-media":"","overlay-type":"","overlay-color":"","overlay-opacity":"","overlay-gradient":""}},"footnotes":""},"class_list":["post-671","page","type-page","status-publish","hentry"],"uagb_featured_image_src":{"full":false,"thumbnail":false,"medium":false,"medium_large":false,"large":false,"1536x1536":false,"2048x2048":false,"trp-custom-language-flag":false},"uagb_author_info":{"display_name":"DAVUT KIRAY","author_link":"https:\/\/www.lab.datacookers.com\/en\/author\/davutkiraylabdatacookers\/"},"uagb_comment_info":0,"uagb_excerpt":"E-Kitaplar Kategori 01 &#8211; Dijital Pazarlama Dijital Pazarlama &#8211; Deniz derya, i\u00e7inde psikoloji, sosyoloji, teknoloji, veri analizi, yaz\u0131l\u0131m, reklam kurgular\u0131, [&hellip;]","_links":{"self":[{"href":"https:\/\/www.lab.datacookers.com\/en\/wp-json\/wp\/v2\/pages\/671","targetHints":{"allow":["GET"]}}],"collection":[{"href":"https:\/\/www.lab.datacookers.com\/en\/wp-json\/wp\/v2\/pages"}],"about":[{"href":"https:\/\/www.lab.datacookers.com\/en\/wp-json\/wp\/v2\/types\/page"}],"author":[{"embeddable":true,"href":"https:\/\/www.lab.datacookers.com\/en\/wp-json\/wp\/v2\/users\/6"}],"replies":[{"embeddable":true,"href":"https:\/\/www.lab.datacookers.com\/en\/wp-json\/wp\/v2\/comments?post=671"}],"version-history":[{"count":2,"href":"https:\/\/www.lab.datacookers.com\/en\/wp-json\/wp\/v2\/pages\/671\/revisions"}],"predecessor-version":[{"id":681,"href":"https:\/\/www.lab.datacookers.com\/en\/wp-json\/wp\/v2\/pages\/671\/revisions\/681"}],"wp:attachment":[{"href":"https:\/\/www.lab.datacookers.com\/en\/wp-json\/wp\/v2\/media?parent=671"}],"curies":[{"name":"wp","href":"https:\/\/api.w.org\/{rel}","templated":true}]}}